{"id":121,"date":"2015-05-17T19:44:18","date_gmt":"2015-05-17T18:44:18","guid":{"rendered":"http:\/\/pomaranczowyorzel.nl.webhosting102.transurl.nl\/homepage\/"},"modified":"2015-05-17T20:29:22","modified_gmt":"2015-05-17T19:29:22","slug":"homepage","status":"publish","type":"page","link":"https:\/\/pomaranczowyorzel.nl\/","title":{"rendered":"Strona Domowa"},"content":{"rendered":"<div id=\"pl-121\"  class=\"panel-layout\" ><div id=\"pg-121-0\"  class=\"panel-grid panel-no-style\" ><div id=\"pgc-121-0-0\"  class=\"panel-grid-cell\" ><div id=\"panel-121-0-0-0\" class=\"so-panel widget widget_circleicon-widget panel-first-child panel-last-child\" data-index=\"0\" >\t\t<div class=\"circle-icon-box circle-icon-position-top circle-icon-hide-box circle-icon-size-small\">\n\t\t\t<div class=\"circle-icon-wrapper\">\n\t\t\t\t<a href=\"http:\/\/pomaranczowyorzel.nl.webhosting102.transurl.nl\/sample-page\/houses\/\" class=\"link-icon\" >\t\t\t\t<div class=\"circle-icon\" >\n\t\t\t\t\t<div class=\"fa fa-home\" ><\/div>\t\t\t\t<\/div>\n\t\t\t\t<\/a>\t\t\t<\/div>\n\n\t\t\t<a href=\"http:\/\/pomaranczowyorzel.nl.webhosting102.transurl.nl\/sample-page\/houses\/\" class=\"link-title\" >\t\t\t<h4 >Twoje mieszkanie<\/h4>\t\t\t<\/a>\n\t\t\t<p class=\"text\" >Pomoc w znalezieniu w\u0142asnego lepszego mieszkania przy mo\u017cliwie najni\u017cszych kosztach najmu. Podajac nam swoje kryteria pomo\u017cemy Ci w wynajmie oraz w uzyskaniu dofinansowania do Twojego mieszkania<\/p>\t\t\t\t\t\t\t<a href=\"http:\/\/pomaranczowyorzel.nl.webhosting102.transurl.nl\/sample-page\/houses\/\" class=\"more-button\" >Kliknij tutaj <i><\/i><\/a>\n\t\t\t\t\t<\/div>\n\t\t<\/div><\/div><div id=\"pgc-121-0-1\"  class=\"panel-grid-cell\" ><div id=\"panel-121-0-1-0\" class=\"so-panel widget widget_circleicon-widget panel-first-child panel-last-child\" data-index=\"1\" >\t\t<div class=\"circle-icon-box circle-icon-position-top circle-icon-hide-box circle-icon-size-small\">\n\t\t\t<div class=\"circle-icon-wrapper\">\n\t\t\t\t<a href=\"http:\/\/pomaranczowyorzel.nl.webhosting102.transurl.nl\/sample-page\/taxes\/\" class=\"link-icon\" >\t\t\t\t<div class=\"circle-icon\" >\n\t\t\t\t\t<div class=\"fa fa-money\" ><\/div>\t\t\t\t<\/div>\n\t\t\t\t<\/a>\t\t\t<\/div>\n\n\t\t\t<a href=\"http:\/\/pomaranczowyorzel.nl.webhosting102.transurl.nl\/sample-page\/taxes\/\" class=\"link-title\" >\t\t\t<h4 >Rachunkowo\u015b\u0107\/rozliczenia podatkowe<\/h4>\t\t\t<\/a>\n\t\t\t<p class=\"text\" >Pomoc w rozliczeniach os\u00f3b zameldowanych oraz niezameldowanych. Zwrot podatku rocznego, zwrot koszt\u00f3w ubezpieczenia, uzyskanie dodatk\u00f3w rodzinnych, mieszkaniowych i innych<\/p>\t\t\t\t\t\t\t<a href=\"http:\/\/pomaranczowyorzel.nl.webhosting102.transurl.nl\/sample-page\/taxes\/\" class=\"more-button\" >Kliknij tutaj <i><\/i><\/a>\n\t\t\t\t\t<\/div>\n\t\t<\/div><\/div><div id=\"pgc-121-0-2\"  class=\"panel-grid-cell\" ><div id=\"panel-121-0-2-0\" class=\"so-panel widget widget_circleicon-widget panel-first-child panel-last-child\" data-index=\"2\" >\t\t<div class=\"circle-icon-box circle-icon-position-top circle-icon-hide-box circle-icon-size-small\">\n\t\t\t<div class=\"circle-icon-wrapper\">\n\t\t\t\t<a href=\"http:\/\/pomaranczowyorzel.nl.webhosting102.transurl.nl\/sample-page\/insureance-health\/\" class=\"link-icon\" >\t\t\t\t<div class=\"circle-icon\" >\n\t\t\t\t\t<div class=\"fa fa-hospital-o\" ><\/div>\t\t\t\t<\/div>\n\t\t\t\t<\/a>\t\t\t<\/div>\n\n\t\t\t<a href=\"http:\/\/pomaranczowyorzel.nl.webhosting102.transurl.nl\/sample-page\/insureance-health\/\" class=\"link-title\" >\t\t\t<h4 >Ubezpieczenie i s\u0142u\u017cba zdrowia<\/h4>\t\t\t<\/a>\n\t\t\t<p class=\"text\" >Pomoc w zakresie rozlicze\u0144 ubezpieczeniowych, wszelkich formalno\u015bci zwi\u0105zanych z opieka  zdrowotna oraz wizyt lekarzy rodzinnych oraz specjalist\u00f3w.<\/p>\t\t\t\t\t\t\t<a href=\"http:\/\/pomaranczowyorzel.nl.webhosting102.transurl.nl\/sample-page\/insureance-health\/\" class=\"more-button\" >Kliknij tutaj <i><\/i><\/a>\n\t\t\t\t\t<\/div>\n\t\t<\/div><\/div><div id=\"pgc-121-0-3\"  class=\"panel-grid-cell\" ><div id=\"panel-121-0-3-0\" class=\"so-panel widget widget_circleicon-widget panel-first-child panel-last-child\" data-index=\"3\" >\t\t<div class=\"circle-icon-box circle-icon-position-top circle-icon-hide-box circle-icon-size-small\">\n\t\t\t<div class=\"circle-icon-wrapper\">\n\t\t\t\t<a href=\"http:\/\/pomaranczowyorzel.nl.webhosting102.transurl.nl\/sample-page\/insureance-and-care\/\" class=\"link-icon\" >\t\t\t\t<div class=\"circle-icon\" >\n\t\t\t\t\t<div class=\"fa fa-circle\" ><\/div>\t\t\t\t<\/div>\n\t\t\t\t<\/a>\t\t\t<\/div>\n\n\t\t\t<a href=\"http:\/\/pomaranczowyorzel.nl.webhosting102.transurl.nl\/sample-page\/insureance-and-care\/\" class=\"link-title\" >\t\t\t<h4 >Inne<\/h4>\t\t\t<\/a>\n\t\t\t<p class=\"text\" >Pomoc w za\u0142atwianiu wszelkich formalno\u015bci w holenderskich urz\u0119dach,bankach oraz instytucjach zmagaj\u0105cych si\u0119 z nieuczciwymi przedsi\u0119biorcami.<\/p>\t\t\t\t\t\t\t<a href=\"http:\/\/pomaranczowyorzel.nl.webhosting102.transurl.nl\/sample-page\/insureance-and-care\/\" class=\"more-button\" >Kliknij tutaj <i><\/i><\/a>\n\t\t\t\t\t<\/div>\n\t\t<\/div><\/div><\/div><div id=\"pg-121-1\"  class=\"panel-grid panel-has-style\" ><div class=\"wide-grey panel-row-style panel-row-style-for-121-1\" ><div id=\"pgc-121-1-0\"  class=\"panel-grid-cell\" ><div id=\"panel-121-1-0-0\" class=\"so-panel widget widget_headline-widget panel-first-child panel-last-child\" data-index=\"4\" >\t\t<h1>Pozw\u00f3l sobie pom\u00f3c!<\/h1>\n\t\t<div class=\"decoration\"><div class=\"decoration-inside\"><\/div><\/div>\n\t\t<h3>Doce\u0144 wiarygodno\u015b\u0107 i rzetelno\u015b\u0107 naszej firmy!<\/h3>\n\t\t<\/div><\/div><\/div><\/div><\/div>","protected":false},"excerpt":{"rendered":"<p>Twoje mieszkanie Pomoc w znalezieniu w\u0142asnego lepszego mieszkania przy mo\u017cliwie najni\u017cszych kosztach najmu. Podajac nam swoje kryteria pomo\u017cemy Ci w wynajmie oraz w uzyskaniu dofinansowania do Twojego mieszkania Kliknij tutaj Rachunkowo\u015b\u0107\/rozliczenia podatkowe Pomoc w rozliczeniach os\u00f3b zameldowanych oraz niezameldowanych. Zwrot podatku rocznego, zwrot koszt\u00f3w ubezpieczenia, uzyskanie dodatk\u00f3w rodzinnych, mieszkaniowych i innych Kliknij tutaj Ubezpieczenie i [&hellip;]<\/p>\n","protected":false},"author":1,"featured_media":0,"parent":0,"menu_order":0,"comment_status":"closed","ping_status":"open","template":"home-panels.php","meta":{"footnotes":""},"class_list":["post-121","page","type-page","status-publish","hentry","post"],"_links":{"self":[{"href":"https:\/\/pomaranczowyorzel.nl\/index.php?rest_route=\/wp\/v2\/pages\/121","targetHints":{"allow":["GET"]}}],"collection":[{"href":"https:\/\/pomaranczowyorzel.nl\/index.php?rest_route=\/wp\/v2\/pages"}],"about":[{"href":"https:\/\/pomaranczowyorzel.nl\/index.php?rest_route=\/wp\/v2\/types\/page"}],"author":[{"embeddable":true,"href":"https:\/\/pomaranczowyorzel.nl\/index.php?rest_route=\/wp\/v2\/users\/1"}],"replies":[{"embeddable":true,"href":"https:\/\/pomaranczowyorzel.nl\/index.php?rest_route=%2Fwp%2Fv2%2Fcomments&post=121"}],"version-history":[{"count":3,"href":"https:\/\/pomaranczowyorzel.nl\/index.php?rest_route=\/wp\/v2\/pages\/121\/revisions"}],"predecessor-version":[{"id":126,"href":"https:\/\/pomaranczowyorzel.nl\/index.php?rest_route=\/wp\/v2\/pages\/121\/revisions\/126"}],"wp:attachment":[{"href":"https:\/\/pomaranczowyorzel.nl\/index.php?rest_route=%2Fwp%2Fv2%2Fmedia&parent=121"}],"curies":[{"name":"wp","href":"https:\/\/api.w.org\/{rel}","templated":true}]}}